{"id":629,"date":"2016-09-13T13:48:16","date_gmt":"2016-09-13T17:48:16","guid":{"rendered":"http:\/\/simon.wps.dev\/fr\/mortgages\/"},"modified":"2016-09-13T13:48:16","modified_gmt":"2016-09-13T17:48:16","slug":"mortgages","status":"publish","type":"page","link":"https:\/\/mortgagewithdeepak.ca\/fr\/mortgages\/","title":{"rendered":"Mortgages"},"content":{"rendered":"<p>Alors qu&#8217;une institution financi\u00e8re offre uniquement des produits qui lui sont propres, les conseillers en pr\u00eats hypoth\u00e9caires autoris\u00e9s acheminent chaque ann\u00e9e des millions de dollars en cr\u00e9dit hypoth\u00e9caire vers les plus grandes banques, coop\u00e9ratives de cr\u00e9dit, soci\u00e9t\u00e9s de fiducie et institutions financi\u00e8res du Canada. Ils offrent \u00e0 leurs clients un meilleur choix et un meilleur acc\u00e8s \u00e0 des centaines de produits hypoth\u00e9caires! Ces derniers peuvent donc avoir la certitude de b\u00e9n\u00e9ficier, en toute s\u00e9curit\u00e9, du meilleur pr\u00eat hypoth\u00e9caire r\u00e9pondant \u00e0 leurs besoins!<\/p>\n<p>Que vous soyez l&#8217;acheteur d&#8217;une premi\u00e8re maison, que vous d\u00e9siriez emprunter sur la valeur nette de votre propri\u00e9t\u00e9 (votre avoir propre foncier) \u00e0 des fins d&#8217;investissement ou de loisir, ou que votre hypoth\u00e8que actuelle arrive simplement \u00e0 expiration, il vous faut prendre une d\u00e9cision \u00e9clair\u00e9e aupr\u00e8s d&#8217;un conseiller impartial.<\/p>\n","protected":false},"excerpt":{"rendered":"<p>Il existe g\u00e9n\u00e9ralement deux fa\u00e7ons d&#8217;obtenir un pr\u00eat hypoth\u00e9caire au Canada : aupr\u00e8s d&#8217;une institution financi\u00e8re ou aupr\u00e8s d&#8217;un conseiller en pr\u00eats hypoth\u00e9caires autoris\u00e9.<\/p>\n","protected":false},"author":1,"featured_media":487,"parent":0,"menu_order":0,"comment_status":"closed","ping_status":"closed","template":"","meta":[],"yoast_head":"<!-- This site is optimized with the Yoast SEO plugin v17.1 - https:\/\/yoast.com\/wordpress\/plugins\/seo\/ -->\n<meta name=\"robots\" content=\"index, follow, max-snippet:-1, max-image-preview:large, max-video-preview:-1\" \/>\n<link rel=\"canonical\" href=\"https:\/\/mortgagewithdeepak.ca\/fr\/mortgages\/\" \/>\n<meta property=\"og:locale\" content=\"fr_FR\" \/>\n<meta property=\"og:type\" content=\"article\" \/>\n<meta property=\"og:title\" content=\"Mortgages - Centres Hypoth\u00e9caires Dominion\" \/>\n<meta property=\"og:description\" content=\"Il existe g\u00e9n\u00e9ralement deux fa\u00e7ons d&#8217;obtenir un pr\u00eat hypoth\u00e9caire au Canada : aupr\u00e8s d&#8217;une institution financi\u00e8re ou aupr\u00e8s d&#8217;un conseiller en pr\u00eats hypoth\u00e9caires autoris\u00e9.\" \/>\n<meta property=\"og:url\" content=\"https:\/\/mortgagewithdeepak.ca\/fr\/mortgages\/\" \/>\n<meta property=\"og:site_name\" content=\"Centres Hypoth\u00e9caires Dominion\" \/>\n<meta property=\"og:image\" content=\"https:\/\/mortgagewithdeepak.ca\/wp-content\/uploads\/2016\/09\/mortgage.jpg\" \/>\n\t<meta property=\"og:image:width\" content=\"1200\" \/>\n\t<meta property=\"og:image:height\" content=\"611\" \/>\n<meta name=\"twitter:card\" content=\"summary\" \/>\n<meta name=\"twitter:label1\" content=\"Dur\u00e9e de lecture est.\" \/>\n\t<meta name=\"twitter:data1\" content=\"1 minute\" \/>\n<script type=\"application\/ld+json\" class=\"yoast-schema-graph\">{\"@context\":\"https:\/\/schema.org\",\"@graph\":[{\"@type\":\"Organization\",\"@id\":\"https:\/\/mortgagewithdeepak.ca\/#organization\",\"name\":\"Centres Hypoth\\u00e9caires Dominion\",\"url\":\"https:\/\/mortgagewithdeepak.ca\/\",\"sameAs\":[],\"logo\":{\"@type\":\"ImageObject\",\"@id\":\"https:\/\/mortgagewithdeepak.ca\/#logo\",\"inLanguage\":\"fr-FR\",\"url\":\"http:\/\/master.wps.dlcserver.com\/wp-content\/uploads\/2017\/01\/vector_DLC1.jpg\",\"contentUrl\":\"http:\/\/master.wps.dlcserver.com\/wp-content\/uploads\/2017\/01\/vector_DLC1.jpg\",\"width\":369,\"height\":173,\"caption\":\"Centres Hypoth\\u00e9caires Dominion\"},\"image\":{\"@id\":\"https:\/\/mortgagewithdeepak.ca\/#logo\"}},{\"@type\":\"WebSite\",\"@id\":\"https:\/\/mortgagewithdeepak.ca\/#website\",\"url\":\"https:\/\/mortgagewithdeepak.ca\/\",\"name\":\"Centres Hypoth\\u00e9caires Dominion\",\"description\":\"Just another WordPress site\",\"publisher\":{\"@id\":\"https:\/\/mortgagewithdeepak.ca\/#organization\"},\"potentialAction\":[{\"@type\":\"SearchAction\",\"target\":{\"@type\":\"EntryPoint\",\"urlTemplate\":\"https:\/\/mortgagewithdeepak.ca\/?s={search_term_string}\"},\"query-input\":\"required name=search_term_string\"}],\"inLanguage\":\"fr-FR\"},{\"@type\":\"ImageObject\",\"@id\":\"https:\/\/mortgagewithdeepak.ca\/fr\/mortgages\/#primaryimage\",\"inLanguage\":\"fr-FR\",\"url\":\"https:\/\/mortgagewithdeepak.ca\/wp-content\/uploads\/2016\/09\/mortgage.jpg\",\"contentUrl\":\"https:\/\/mortgagewithdeepak.ca\/wp-content\/uploads\/2016\/09\/mortgage.jpg\",\"width\":1200,\"height\":611},{\"@type\":\"WebPage\",\"@id\":\"https:\/\/mortgagewithdeepak.ca\/fr\/mortgages\/#webpage\",\"url\":\"https:\/\/mortgagewithdeepak.ca\/fr\/mortgages\/\",\"name\":\"Mortgages - Centres Hypoth\\u00e9caires Dominion\",\"isPartOf\":{\"@id\":\"https:\/\/mortgagewithdeepak.ca\/#website\"},\"primaryImageOfPage\":{\"@id\":\"https:\/\/mortgagewithdeepak.ca\/fr\/mortgages\/#primaryimage\"},\"datePublished\":\"2016-09-13T17:48:16+00:00\",\"dateModified\":\"2016-09-13T17:48:16+00:00\",\"breadcrumb\":{\"@id\":\"https:\/\/mortgagewithdeepak.ca\/fr\/mortgages\/#breadcrumb\"},\"inLanguage\":\"fr-FR\",\"potentialAction\":[{\"@type\":\"ReadAction\",\"target\":[\"https:\/\/mortgagewithdeepak.ca\/fr\/mortgages\/\"]}]},{\"@type\":\"BreadcrumbList\",\"@id\":\"https:\/\/mortgagewithdeepak.ca\/fr\/mortgages\/#breadcrumb\",\"itemListElement\":[{\"@type\":\"ListItem\",\"position\":1,\"name\":\"Home\",\"item\":\"https:\/\/mortgagewithdeepak.ca\/fr\/\"},{\"@type\":\"ListItem\",\"position\":2,\"name\":\"Mortgages\"}]}]}<\/script>\n<!-- \/ Yoast SEO plugin. -->","yoast_head_json":{"robots":{"index":"index","follow":"follow","max-snippet":"max-snippet:-1","max-image-preview":"max-image-preview:large","max-video-preview":"max-video-preview:-1"},"canonical":"https:\/\/mortgagewithdeepak.ca\/fr\/mortgages\/","og_locale":"fr_FR","og_type":"article","og_title":"Mortgages - Centres Hypoth\u00e9caires Dominion","og_description":"Il existe g\u00e9n\u00e9ralement deux fa\u00e7ons d&#8217;obtenir un pr\u00eat hypoth\u00e9caire au Canada : aupr\u00e8s d&#8217;une institution financi\u00e8re ou aupr\u00e8s d&#8217;un conseiller en pr\u00eats hypoth\u00e9caires autoris\u00e9.","og_url":"https:\/\/mortgagewithdeepak.ca\/fr\/mortgages\/","og_site_name":"Centres Hypoth\u00e9caires Dominion","og_image":[{"width":1200,"height":611,"url":"https:\/\/mortgagewithdeepak.ca\/wp-content\/uploads\/2016\/09\/mortgage.jpg","path":"\/var\/www\/sites\/wps\/sites\/code\/wp-content\/uploads\/2016\/09\/mortgage.jpg","size":"full","id":487,"alt":"","pixels":733200,"type":"image\/jpeg"}],"twitter_card":"summary","twitter_misc":{"Dur\u00e9e de lecture est.":"1 minute"},"schema":{"@context":"https:\/\/schema.org","@graph":[{"@type":"Organization","@id":"https:\/\/mortgagewithdeepak.ca\/#organization","name":"Centres Hypoth\u00e9caires Dominion","url":"https:\/\/mortgagewithdeepak.ca\/","sameAs":[],"logo":{"@type":"ImageObject","@id":"https:\/\/mortgagewithdeepak.ca\/#logo","inLanguage":"fr-FR","url":"http:\/\/master.wps.dlcserver.com\/wp-content\/uploads\/2017\/01\/vector_DLC1.jpg","contentUrl":"http:\/\/master.wps.dlcserver.com\/wp-content\/uploads\/2017\/01\/vector_DLC1.jpg","width":369,"height":173,"caption":"Centres Hypoth\u00e9caires Dominion"},"image":{"@id":"https:\/\/mortgagewithdeepak.ca\/#logo"}},{"@type":"WebSite","@id":"https:\/\/mortgagewithdeepak.ca\/#website","url":"https:\/\/mortgagewithdeepak.ca\/","name":"Centres Hypoth\u00e9caires Dominion","description":"Just another WordPress site","publisher":{"@id":"https:\/\/mortgagewithdeepak.ca\/#organization"},"potentialAction":[{"@type":"SearchAction","target":{"@type":"EntryPoint","urlTemplate":"https:\/\/mortgagewithdeepak.ca\/?s={search_term_string}"},"query-input":"required name=search_term_string"}],"inLanguage":"fr-FR"},{"@type":"ImageObject","@id":"https:\/\/mortgagewithdeepak.ca\/fr\/mortgages\/#primaryimage","inLanguage":"fr-FR","url":"https:\/\/mortgagewithdeepak.ca\/wp-content\/uploads\/2016\/09\/mortgage.jpg","contentUrl":"https:\/\/mortgagewithdeepak.ca\/wp-content\/uploads\/2016\/09\/mortgage.jpg","width":1200,"height":611},{"@type":"WebPage","@id":"https:\/\/mortgagewithdeepak.ca\/fr\/mortgages\/#webpage","url":"https:\/\/mortgagewithdeepak.ca\/fr\/mortgages\/","name":"Mortgages - Centres Hypoth\u00e9caires Dominion","isPartOf":{"@id":"https:\/\/mortgagewithdeepak.ca\/#website"},"primaryImageOfPage":{"@id":"https:\/\/mortgagewithdeepak.ca\/fr\/mortgages\/#primaryimage"},"datePublished":"2016-09-13T17:48:16+00:00","dateModified":"2016-09-13T17:48:16+00:00","breadcrumb":{"@id":"https:\/\/mortgagewithdeepak.ca\/fr\/mortgages\/#breadcrumb"},"inLanguage":"fr-FR","potentialAction":[{"@type":"ReadAction","target":["https:\/\/mortgagewithdeepak.ca\/fr\/mortgages\/"]}]},{"@type":"BreadcrumbList","@id":"https:\/\/mortgagewithdeepak.ca\/fr\/mortgages\/#breadcrumb","itemListElement":[{"@type":"ListItem","position":1,"name":"Home","item":"https:\/\/mortgagewithdeepak.ca\/fr\/"},{"@type":"ListItem","position":2,"name":"Mortgages"}]}]}},"_links":{"self":[{"href":"https:\/\/mortgagewithdeepak.ca\/fr\/wp-json\/wp\/v2\/pages\/629"}],"collection":[{"href":"https:\/\/mortgagewithdeepak.ca\/fr\/wp-json\/wp\/v2\/pages"}],"about":[{"href":"https:\/\/mortgagewithdeepak.ca\/fr\/wp-json\/wp\/v2\/types\/page"}],"author":[{"embeddable":true,"href":"https:\/\/mortgagewithdeepak.ca\/fr\/wp-json\/wp\/v2\/users\/1"}],"replies":[{"embeddable":true,"href":"https:\/\/mortgagewithdeepak.ca\/fr\/wp-json\/wp\/v2\/comments?post=629"}],"version-history":[{"count":0,"href":"https:\/\/mortgagewithdeepak.ca\/fr\/wp-json\/wp\/v2\/pages\/629\/revisions"}],"wp:featuredmedia":[{"embeddable":true,"href":"https:\/\/mortgagewithdeepak.ca\/fr\/wp-json\/wp\/v2\/media\/487"}],"wp:attachment":[{"href":"https:\/\/mortgagewithdeepak.ca\/fr\/wp-json\/wp\/v2\/media?parent=629"}],"curies":[{"name":"wp","href":"https:\/\/api.w.org\/{rel}","templated":true}]}}