{"id":1133,"date":"2017-01-18T14:04:38","date_gmt":"2017-01-18T19:04:38","guid":{"rendered":"http:\/\/master.wps.dlcserver.com\/fr\/commercial-leasing\/"},"modified":"2018-10-12T16:04:58","modified_gmt":"2018-10-12T20:04:58","slug":"commercial-leasing","status":"publish","type":"page","link":"https:\/\/mortgagewithdeepak.ca\/fr\/commercial-leasing\/","title":{"rendered":"Pr\u00eats commerciaux et cr\u00e9dit-bail"},"content":{"rendered":"<div class=\"section\">\n<p>Parmi les produits de pr\u00eats hypoth\u00e9caires commerciaux que l\u2019on retrouve le plus fr\u00e9quemment, notons les suivants <\/p>\n<div class=\"col-md-4\">\n<ul class=\"disc\">\n<li>Immeubles locatifs<\/li>\n<li>Immeubles r\u00e9sidentiels \u00e0 logements multiples<\/li>\n<li>Financement provisoire<\/li>\n<li>Restaurants<\/li>\n<\/ul>\n<\/div>\n<div class=\"col-md-4\">\n<ul class=\"disc\">\n<li>Propri\u00e9t\u00e9s industrielles<\/li>\n<li>Immeubles \u00e0 bureaux<\/li>\n<li>Entreposage libre-service<\/li>\n<li>Centres commerciaux<\/li>\n<\/ul>\n<\/div>\n<div class=\"col-md-4\">\n<ul class=\"disc\">\n<li>Financement de terrains non am\u00e9nag\u00e9s<\/li>\n<li>Financement d\u2019entreprises en d\u00e9marrage<\/li>\n<li>Consolidation de dettes<\/li>\n<\/ul>\n<\/div>\n<div class=\"section\">\n<h2>Les avantages d\u2019utiliser un sp\u00e9cialiste du cr\u00e9dit-bail<\/h2>\n<div class=\"section\">\n<p>Un sp\u00e9cialiste du cr\u00e9dit-bail de Centres hypoth\u00e9caires Dominion peut vous aider \u00e0 d\u00e9couvrir de nombreuses fa\u00e7ons de structurer le financement par cr\u00e9dit-bail pour du nouvel \u00e9quipement, de conclure un contrat de cession-bail pour extraire du capital des actifs existants ou de trouver d\u2019autres occasions pour acqu\u00e9rir de l\u2019\u00e9quipement. Plusieurs de nos sp\u00e9cialistes du cr\u00e9dit-bail sont \u00e9galement conseillers en pr\u00eats hypoth\u00e9caires. Ils peuvent donc utiliser des pr\u00eats hypoth\u00e9caires commerciaux et r\u00e9sidentiels ainsi que des produits de marge de cr\u00e9dit hypoth\u00e9caire seuls ou en combinaison avec des options de financement par cr\u00e9dit-bail pour vous aider \u00e0 obtenir la meilleure solution possible pour acqu\u00e9rir de l\u2019\u00e9quipement<\/p>\n<h2>Les avantages d\u2019utiliser le cr\u00e9dit-bail de Centres hypoth\u00e9caires Dominion<\/h2>\n<p>\u00c9tant une organisation franchis\u00e9e locale ayant pignon sur rue, vous b\u00e9n\u00e9ficiez de la pr\u00e9sence d\u2019un bureau dont l\u2019\u00e9quipe engag\u00e9e comprend votre march\u00e9, est situ\u00e9e dans votre fuseau horaire et contribue \u00e0 la collectivit\u00e9 qu\u2019elle conna\u00eet bien. Notre bureau de cr\u00e9dit national offre les meilleurs outils, un centre de souscription et une efficacit\u00e9 d\u00e9montr\u00e9e dans le milieu de la location actuel.<\/p>\n<p>Avec des ressources de financement de premier ordre, nous vous offrons la meilleure occasion d\u2019obtenir des approbations avec les paiements mensuels les plus faibles.<\/p>\n<p>Pourquoi compter sur seulement une ou deux sources de financement quand vous pouvez acc\u00e9der \u00e0 plus de 30 sources de financement par cr\u00e9dit-bail au Canada et aux \u00c9tats-Unis?<\/p>\n<p>\u00c9tant cr\u00e9atif et flexible, Centres hypoth\u00e9caires Dominion peut morceler des transactions importantes en plusieurs baux comportant de nombreux bailleurs de fonds dans le but de faciliter et de simplifier le processus d\u2019approbation.<\/p>\n<p>Les limites de risque ne sont pas un probl\u00e8me, car nous pr\u00e9sentons simplement au locataire des sources de financement suppl\u00e9mentaires lorsque des limites quant au risque sont impos\u00e9es par chacune des sources de financement.<\/p>\n<p>Centres hypoth\u00e9caires Dominion Cr\u00e9dit-bail offre un grand \u00e9ventail de programmes de financement par cr\u00e9dit-bail pour des automobiles et de l\u2019\u00e9quipement, lesquels augmentent consid\u00e9rablement nos possibilit\u00e9s de relever les d\u00e9fis les plus difficiles en mati\u00e8re d\u2019acquisition d\u2019\u00e9quipement.<\/p>\n<\/div>\n<div id=\"request-panel\" class=\"clr\"><\/div>\n<\/div>\n","protected":false},"excerpt":{"rendered":"<p>Les pr\u00eats hypoth\u00e9caires commerciaux sont destin\u00e9s aux entreprises et aux investisseurs qui d\u00e9sirent acheter ou refinancer des propri\u00e9t\u00e9s commerciales ou qui g\u00e9n\u00e8rent des revenus et offrent un moyen souple d\u2019amasser des capitaux.<\/p>\n","protected":false},"author":1,"featured_media":1069,"parent":0,"menu_order":0,"comment_status":"closed","ping_status":"closed","template":"","meta":[],"yoast_head":"<!-- This site is optimized with the Yoast SEO plugin v17.1 - https:\/\/yoast.com\/wordpress\/plugins\/seo\/ -->\n<meta name=\"robots\" content=\"index, follow, max-snippet:-1, max-image-preview:large, max-video-preview:-1\" \/>\n<link rel=\"canonical\" href=\"https:\/\/mortgagewithdeepak.ca\/fr\/commercial-leasing\/\" \/>\n<meta property=\"og:locale\" content=\"fr_FR\" \/>\n<meta property=\"og:type\" content=\"article\" \/>\n<meta property=\"og:title\" content=\"Pr\u00eats commerciaux et cr\u00e9dit-bail - Centres Hypoth\u00e9caires Dominion\" \/>\n<meta property=\"og:description\" content=\"Les pr\u00eats hypoth\u00e9caires commerciaux sont destin\u00e9s aux entreprises et aux investisseurs qui d\u00e9sirent acheter ou refinancer des propri\u00e9t\u00e9s commerciales ou qui g\u00e9n\u00e8rent des revenus et offrent un moyen souple d\u2019amasser des capitaux.\" \/>\n<meta property=\"og:url\" content=\"https:\/\/mortgagewithdeepak.ca\/fr\/commercial-leasing\/\" \/>\n<meta property=\"og:site_name\" content=\"Centres Hypoth\u00e9caires Dominion\" \/>\n<meta property=\"article:modified_time\" content=\"2018-10-12T20:04:58+00:00\" \/>\n<meta property=\"og:image\" content=\"https:\/\/mortgagewithdeepak.ca\/wp-content\/uploads\/2016\/12\/our-rates.jpg\" \/>\n\t<meta property=\"og:image:width\" content=\"1200\" \/>\n\t<meta property=\"og:image:height\" content=\"611\" \/>\n<meta name=\"twitter:card\" content=\"summary\" \/>\n<meta name=\"twitter:label1\" content=\"Dur\u00e9e de lecture est.\" \/>\n\t<meta name=\"twitter:data1\" content=\"2 minutes\" \/>\n<script type=\"application\/ld+json\" class=\"yoast-schema-graph\">{\"@context\":\"https:\/\/schema.org\",\"@graph\":[{\"@type\":\"Organization\",\"@id\":\"https:\/\/mortgagewithdeepak.ca\/#organization\",\"name\":\"Centres Hypoth\\u00e9caires Dominion\",\"url\":\"https:\/\/mortgagewithdeepak.ca\/\",\"sameAs\":[],\"logo\":{\"@type\":\"ImageObject\",\"@id\":\"https:\/\/mortgagewithdeepak.ca\/#logo\",\"inLanguage\":\"fr-FR\",\"url\":\"http:\/\/master.wps.dlcserver.com\/wp-content\/uploads\/2017\/01\/vector_DLC1.jpg\",\"contentUrl\":\"http:\/\/master.wps.dlcserver.com\/wp-content\/uploads\/2017\/01\/vector_DLC1.jpg\",\"width\":369,\"height\":173,\"caption\":\"Centres Hypoth\\u00e9caires Dominion\"},\"image\":{\"@id\":\"https:\/\/mortgagewithdeepak.ca\/#logo\"}},{\"@type\":\"WebSite\",\"@id\":\"https:\/\/mortgagewithdeepak.ca\/#website\",\"url\":\"https:\/\/mortgagewithdeepak.ca\/\",\"name\":\"Centres Hypoth\\u00e9caires Dominion\",\"description\":\"Just another WordPress site\",\"publisher\":{\"@id\":\"https:\/\/mortgagewithdeepak.ca\/#organization\"},\"potentialAction\":[{\"@type\":\"SearchAction\",\"target\":{\"@type\":\"EntryPoint\",\"urlTemplate\":\"https:\/\/mortgagewithdeepak.ca\/?s={search_term_string}\"},\"query-input\":\"required name=search_term_string\"}],\"inLanguage\":\"fr-FR\"},{\"@type\":\"ImageObject\",\"@id\":\"https:\/\/mortgagewithdeepak.ca\/fr\/commercial-leasing\/#primaryimage\",\"inLanguage\":\"fr-FR\",\"url\":\"https:\/\/mortgagewithdeepak.ca\/wp-content\/uploads\/2016\/12\/our-rates.jpg\",\"contentUrl\":\"https:\/\/mortgagewithdeepak.ca\/wp-content\/uploads\/2016\/12\/our-rates.jpg\",\"width\":1200,\"height\":611},{\"@type\":\"WebPage\",\"@id\":\"https:\/\/mortgagewithdeepak.ca\/fr\/commercial-leasing\/#webpage\",\"url\":\"https:\/\/mortgagewithdeepak.ca\/fr\/commercial-leasing\/\",\"name\":\"Pr\\u00eats commerciaux et cr\\u00e9dit-bail - Centres Hypoth\\u00e9caires Dominion\",\"isPartOf\":{\"@id\":\"https:\/\/mortgagewithdeepak.ca\/#website\"},\"primaryImageOfPage\":{\"@id\":\"https:\/\/mortgagewithdeepak.ca\/fr\/commercial-leasing\/#primaryimage\"},\"datePublished\":\"2017-01-18T19:04:38+00:00\",\"dateModified\":\"2018-10-12T20:04:58+00:00\",\"breadcrumb\":{\"@id\":\"https:\/\/mortgagewithdeepak.ca\/fr\/commercial-leasing\/#breadcrumb\"},\"inLanguage\":\"fr-FR\",\"potentialAction\":[{\"@type\":\"ReadAction\",\"target\":[\"https:\/\/mortgagewithdeepak.ca\/fr\/commercial-leasing\/\"]}]},{\"@type\":\"BreadcrumbList\",\"@id\":\"https:\/\/mortgagewithdeepak.ca\/fr\/commercial-leasing\/#breadcrumb\",\"itemListElement\":[{\"@type\":\"ListItem\",\"position\":1,\"name\":\"Home\",\"item\":\"https:\/\/mortgagewithdeepak.ca\/fr\/\"},{\"@type\":\"ListItem\",\"position\":2,\"name\":\"Pr\\u00eats commerciaux et cr\\u00e9dit-bail\"}]}]}<\/script>\n<!-- \/ Yoast SEO plugin. -->","yoast_head_json":{"robots":{"index":"index","follow":"follow","max-snippet":"max-snippet:-1","max-image-preview":"max-image-preview:large","max-video-preview":"max-video-preview:-1"},"canonical":"https:\/\/mortgagewithdeepak.ca\/fr\/commercial-leasing\/","og_locale":"fr_FR","og_type":"article","og_title":"Pr\u00eats commerciaux et cr\u00e9dit-bail - Centres Hypoth\u00e9caires Dominion","og_description":"Les pr\u00eats hypoth\u00e9caires commerciaux sont destin\u00e9s aux entreprises et aux investisseurs qui d\u00e9sirent acheter ou refinancer des propri\u00e9t\u00e9s commerciales ou qui g\u00e9n\u00e8rent des revenus et offrent un moyen souple d\u2019amasser des capitaux.","og_url":"https:\/\/mortgagewithdeepak.ca\/fr\/commercial-leasing\/","og_site_name":"Centres Hypoth\u00e9caires Dominion","article_modified_time":"2018-10-12T20:04:58+00:00","og_image":[{"width":1200,"height":611,"url":"https:\/\/mortgagewithdeepak.ca\/wp-content\/uploads\/2016\/12\/our-rates.jpg","path":"\/var\/www\/sites\/wps\/sites\/code\/wp-content\/uploads\/2016\/12\/our-rates.jpg","size":"full","id":1069,"alt":"","pixels":733200,"type":"image\/jpeg"}],"twitter_card":"summary","twitter_misc":{"Dur\u00e9e de lecture est.":"2 minutes"},"schema":{"@context":"https:\/\/schema.org","@graph":[{"@type":"Organization","@id":"https:\/\/mortgagewithdeepak.ca\/#organization","name":"Centres Hypoth\u00e9caires Dominion","url":"https:\/\/mortgagewithdeepak.ca\/","sameAs":[],"logo":{"@type":"ImageObject","@id":"https:\/\/mortgagewithdeepak.ca\/#logo","inLanguage":"fr-FR","url":"http:\/\/master.wps.dlcserver.com\/wp-content\/uploads\/2017\/01\/vector_DLC1.jpg","contentUrl":"http:\/\/master.wps.dlcserver.com\/wp-content\/uploads\/2017\/01\/vector_DLC1.jpg","width":369,"height":173,"caption":"Centres Hypoth\u00e9caires Dominion"},"image":{"@id":"https:\/\/mortgagewithdeepak.ca\/#logo"}},{"@type":"WebSite","@id":"https:\/\/mortgagewithdeepak.ca\/#website","url":"https:\/\/mortgagewithdeepak.ca\/","name":"Centres Hypoth\u00e9caires Dominion","description":"Just another WordPress site","publisher":{"@id":"https:\/\/mortgagewithdeepak.ca\/#organization"},"potentialAction":[{"@type":"SearchAction","target":{"@type":"EntryPoint","urlTemplate":"https:\/\/mortgagewithdeepak.ca\/?s={search_term_string}"},"query-input":"required name=search_term_string"}],"inLanguage":"fr-FR"},{"@type":"ImageObject","@id":"https:\/\/mortgagewithdeepak.ca\/fr\/commercial-leasing\/#primaryimage","inLanguage":"fr-FR","url":"https:\/\/mortgagewithdeepak.ca\/wp-content\/uploads\/2016\/12\/our-rates.jpg","contentUrl":"https:\/\/mortgagewithdeepak.ca\/wp-content\/uploads\/2016\/12\/our-rates.jpg","width":1200,"height":611},{"@type":"WebPage","@id":"https:\/\/mortgagewithdeepak.ca\/fr\/commercial-leasing\/#webpage","url":"https:\/\/mortgagewithdeepak.ca\/fr\/commercial-leasing\/","name":"Pr\u00eats commerciaux et cr\u00e9dit-bail - Centres Hypoth\u00e9caires Dominion","isPartOf":{"@id":"https:\/\/mortgagewithdeepak.ca\/#website"},"primaryImageOfPage":{"@id":"https:\/\/mortgagewithdeepak.ca\/fr\/commercial-leasing\/#primaryimage"},"datePublished":"2017-01-18T19:04:38+00:00","dateModified":"2018-10-12T20:04:58+00:00","breadcrumb":{"@id":"https:\/\/mortgagewithdeepak.ca\/fr\/commercial-leasing\/#breadcrumb"},"inLanguage":"fr-FR","potentialAction":[{"@type":"ReadAction","target":["https:\/\/mortgagewithdeepak.ca\/fr\/commercial-leasing\/"]}]},{"@type":"BreadcrumbList","@id":"https:\/\/mortgagewithdeepak.ca\/fr\/commercial-leasing\/#breadcrumb","itemListElement":[{"@type":"ListItem","position":1,"name":"Home","item":"https:\/\/mortgagewithdeepak.ca\/fr\/"},{"@type":"ListItem","position":2,"name":"Pr\u00eats commerciaux et cr\u00e9dit-bail"}]}]}},"_links":{"self":[{"href":"https:\/\/mortgagewithdeepak.ca\/fr\/wp-json\/wp\/v2\/pages\/1133"}],"collection":[{"href":"https:\/\/mortgagewithdeepak.ca\/fr\/wp-json\/wp\/v2\/pages"}],"about":[{"href":"https:\/\/mortgagewithdeepak.ca\/fr\/wp-json\/wp\/v2\/types\/page"}],"author":[{"embeddable":true,"href":"https:\/\/mortgagewithdeepak.ca\/fr\/wp-json\/wp\/v2\/users\/1"}],"replies":[{"embeddable":true,"href":"https:\/\/mortgagewithdeepak.ca\/fr\/wp-json\/wp\/v2\/comments?post=1133"}],"version-history":[{"count":5,"href":"https:\/\/mortgagewithdeepak.ca\/fr\/wp-json\/wp\/v2\/pages\/1133\/revisions"}],"predecessor-version":[{"id":1292,"href":"https:\/\/mortgagewithdeepak.ca\/fr\/wp-json\/wp\/v2\/pages\/1133\/revisions\/1292"}],"wp:featuredmedia":[{"embeddable":true,"href":"https:\/\/mortgagewithdeepak.ca\/fr\/wp-json\/wp\/v2\/media\/1069"}],"wp:attachment":[{"href":"https:\/\/mortgagewithdeepak.ca\/fr\/wp-json\/wp\/v2\/media?parent=1133"}],"curies":[{"name":"wp","href":"https:\/\/api.w.org\/{rel}","templated":true}]}}